{"id":10,"date":"2022-12-06T12:36:15","date_gmt":"2022-12-06T11:36:15","guid":{"rendered":"https:\/\/charlotte-energetiquechinoise.com\/?page_id=10"},"modified":"2025-02-07T11:40:04","modified_gmt":"2025-02-07T10:40:04","slug":"medecine-traditionnelle-chinoise-acupuncture-tarifs","status":"publish","type":"page","link":"https:\/\/charlotte-energetiquechinoise.com\/index.php\/medecine-traditionnelle-chinoise-acupuncture-tarifs\/","title":{"rendered":"Mes prestations"},"content":{"rendered":"<p>[et_pb_section fb_built=\u00a0\u00bb1&Prime; _builder_version=\u00a0\u00bb4.16&Prime; global_colors_info=\u00a0\u00bb{}\u00a0\u00bb][et_pb_row custom_padding_last_edited=\u00a0\u00bbon|phone\u00a0\u00bb _builder_version=\u00a0\u00bb4.19.5&Prime; _module_preset=\u00a0\u00bbdefault\u00a0\u00bb custom_padding_tablet=\u00a0\u00bb\u00a0\u00bb custom_padding_phone=\u00a0\u00bb30px||||false|false\u00a0\u00bb global_colors_info=\u00a0\u00bb{}\u00a0\u00bb][et_pb_column type=\u00a0\u00bb4_4&Prime; _builder_version=\u00a0\u00bb4.18.1&Prime; _module_preset=\u00a0\u00bbdefault\u00a0\u00bb global_colors_info=\u00a0\u00bb{}\u00a0\u00bb][et_pb_text _builder_version=\u00a0\u00bb4.19.5&Prime; _module_preset=\u00a0\u00bbdefault\u00a0\u00bb text_font=\u00a0\u00bbAbhaya Libre||||||||\u00a0\u00bb text_text_color=\u00a0\u00bb#000000&Prime; text_font_size=\u00a0\u00bb18px\u00a0\u00bb text_line_height=\u00a0\u00bb1.9em\u00a0\u00bb header_font=\u00a0\u00bbAkaya Telivigala||||||||\u00a0\u00bb header_font_size=\u00a0\u00bb26px\u00a0\u00bb header_line_height=\u00a0\u00bb2.7em\u00a0\u00bb text_orientation=\u00a0\u00bbjustified\u00a0\u00bb custom_margin=\u00a0\u00bb-1px|11px||11px|false|false\u00a0\u00bb custom_padding=\u00a0\u00bb0px|11px||4px|false|false\u00a0\u00bb hover_enabled=\u00a0\u00bb0&Prime; inline_fonts=\u00a0\u00bbAkaya Kanadaka,Alice\u00a0\u00bb global_colors_info=\u00a0\u00bb{}\u00a0\u00bb sticky_enabled=\u00a0\u00bb0&Prime;]<\/p>\n<h1 style=\"text-align: justify;\"><span style=\"font-family: Alice; font-weight: normal;\"><strong><img loading=\"lazy\" decoding=\"async\" src=\"https:\/\/charlotte-energetiquechinoise.com\/wp-content\/uploads\/2023\/01\/suction-cups-therapy-session-300x193.jpg\" width=\"300\" height=\"193\" alt=\"moxibustion-acupuncture\" class=\"wp-image-160 alignnone size-medium\" \/><\/strong><\/span><\/h1>\n<h1 style=\"text-align: justify;\"><span style=\"font-family: Alice; font-weight: normal;\"><strong>MES PRESTATIONS<\/strong><\/span><\/h1>\n<p><strong>S\u00e9ance\u00a0: 50\u20ac<\/strong><br \/>(45 \u20ac si besoin d&rsquo;une s\u00e9ance de suivi rapproch\u00e9e, sous 15 jours maximum)<\/p>\n<p style=\"text-align: justify;\">Une s\u00e9ance au cabinet ne se substitue pas \u00e0 une consultation chez votre m\u00e9decin, et en aucun cas un traitement m\u00e9dicamenteux en cours ne devra \u00eatre arr\u00eat\u00e9, sans l&rsquo;avis de votre m\u00e9decin.<br \/>Seules les consultations aupr\u00e8s des Docteurs en m\u00e9decine sont rembours\u00e9es par la S\u00e9curit\u00e9 Sociale. Certaines mutuelles remboursent une partie des honoraires des consultations en \u00e9nerg\u00e9tique chinoise.<\/p>\n<p style=\"text-align: justify;\">[\/et_pb_text][\/et_pb_column][\/et_pb_row][\/et_pb_section]<\/p>\n","protected":false},"excerpt":{"rendered":"<p>MES PRESTATIONS S\u00e9ance\u00a0: 50\u20ac(45 \u20ac si besoin d&rsquo;une s\u00e9ance de suivi rapproch\u00e9e, sous 15 jours maximum) Une s\u00e9ance au cabinet ne se substitue pas \u00e0 une consultation chez votre m\u00e9decin, et en aucun cas un traitement m\u00e9dicamenteux en cours ne devra \u00eatre arr\u00eat\u00e9, sans l&rsquo;avis de votre m\u00e9decin.Seules les consultations aupr\u00e8s des Docteurs en m\u00e9decine [&hellip;]<\/p>\n","protected":false},"author":1,"featured_media":0,"parent":0,"menu_order":0,"comment_status":"closed","ping_status":"closed","template":"","meta":{"_et_pb_use_builder":"on","_et_pb_old_content":"<!-- wp:paragraph {\"align\":\"left\",\"style\":{\"elements\":{\"link\":{\"color\":{\"text\":\"var:preset|color|vivid-red\"}}},\"spacing\":{\"margin\":{\"top\":\"var:preset|spacing|40\",\"right\":\"var:preset|spacing|40\",\"bottom\":\"var:preset|spacing|40\",\"left\":\"var:preset|spacing|40\"},\"padding\":{\"top\":\"var:preset|spacing|30\"}},\"color\":{\"background\":\"#c697761c\"}},\"textColor\":\"contrast\",\"fontSize\":\"small\"} -->\n<p class=\"has-text-align-left has-contrast-color has-text-color has-background has-link-color has-small-font-size\" style=\"background-color:#c697761c;margin-top:var(--wp--preset--spacing--40);margin-right:var(--wp--preset--spacing--40);margin-bottom:var(--wp--preset--spacing--40);margin-left:var(--wp--preset--spacing--40);padding-top:var(--wp--preset--spacing--30)\">Ipsum nunc aliquet bibendum enim facilisis. Amet facilisis magna etiam tempor orci eu lobortis. Aliquam ut porttitor leo a diam sollicitudin tempor id. Nibh cras pulvinar mattis nunc sed blandi<strong>t. Mi tempus imperdiet nulla malesuada pellentesque elit eget. Pharetra diam sit <a href=\"https:\/\/loremipsum.io\/fr\/generator\/?n=5&amp;t=p\" data-type=\"URL\" data-id=\"https:\/\/loremipsum.io\/fr\/generator\/?n=5&amp;t=p\">amet nisl suscipit <\/a>adip<\/strong>iscing bibendum. Tellus orci ac auctor augue mauris augue neque gravida in. Ut lectus arcu bibendum at varius. Est velit egestas dui id ornare arcu. Risus sed vulputate odio ut enim blandit. Netus et malesuada fames ac turpis egestas integer eget aliquet. Pellentesque habitant morbi tristique sen<em>ectus et netus et malesuada. Facilisi etiam dignissim diam quis enim. Duis tristique sollicitudin nibh sit amet commodo. Tellus mauris a diam maecenas sed enim ut. Lectus proin nibh nisl condimentum id venenatis a condimentum vitae. In cursus turpis massa tincidunt dui ut ornare. Eu consequat ac felis donec et odio pellentesque diam volutpat.<\/em><\/p>\n<!-- \/wp:paragraph -->\n\n<!-- wp:paragraph {\"align\":\"left\"} -->\n<p class=\"has-text-align-left\">Sagittis eu volutpat odio facilisis. Nulla pellentesque dignissim enim sit amet venenatis urna. Fermentum posuere urna nec tincidunt praesent semper. Mauris cursus mattis mol<strong>estie a. Morbi quis commodo odio aenean sed adipiscing. Quis lectus nulla at volutpat diam ut venenatis tellus in. Faucibus in ornare quam viverra orci sagittis eu volutpat odio. Morbi le<\/strong>o urna molestie at elementum eu facilisis sed odio. Elementum sagittis vitae et leo duis ut diam. Commodo odio aenean sed adipiscing diam donec adipiscing tristique. Ut tellus elementum sagittis vitae et leo. Gravida arcu ac tortor dignissim. Venenatis urna cursus eget nunc. Nisi est sit amet facilisis. Lacus vel facilisis volutpat est velit egestas dui. Scelerisque eleifend donec pretium vulputate.<\/p>\n<!-- \/wp:paragraph -->\n\n<!-- wp:cover {\"url\":\"https:\/\/charlotte-energetiquechinoise.com\/wp-content\/uploads\/2022\/12\/cat-7319589__340.jpg\",\"id\":14,\"dimRatio\":0,\"focalPoint\":{\"x\":0.35,\"y\":0.39},\"minHeight\":287,\"minHeightUnit\":\"px\",\"contentPosition\":\"center center\",\"isDark\":false,\"style\":{\"spacing\":{\"padding\":{\"top\":\"var:preset|spacing|60\",\"right\":\"var:preset|spacing|60\",\"bottom\":\"var:preset|spacing|60\",\"left\":\"var:preset|spacing|60\"}},\"color\":{\"duotone\":\"unset\"}},\"fontSize\":\"xx-large\"} -->\n<div class=\"wp-block-cover is-light has-xx-large-font-size\" style=\"padding-top:var(--wp--preset--spacing--60);padding-right:var(--wp--preset--spacing--60);padding-bottom:var(--wp--preset--spacing--60);padding-left:var(--wp--preset--spacing--60);min-height:287px\"><span aria-hidden=\"true\" class=\"wp-block-cover__background has-background-dim-0 has-background-dim\"><\/span><img class=\"wp-block-cover__image-background wp-image-14\" alt=\"\" src=\"https:\/\/charlotte-energetiquechinoise.com\/wp-content\/uploads\/2022\/12\/cat-7319589__340.jpg\" style=\"object-position:35% 39%\" data-object-fit=\"cover\" data-object-position=\"35% 39%\"\/><div class=\"wp-block-cover__inner-container\"><!-- wp:quote -->\n<blockquote class=\"wp-block-quote\"><!-- wp:paragraph -->\n<p><\/p>\n<!-- \/wp:paragraph --><\/blockquote>\n<!-- \/wp:quote --><\/div><\/div>\n<!-- \/wp:cover -->\n\n<!-- wp:buttons -->\n<div class=\"wp-block-buttons\"><!-- wp:button {\"className\":\"is-style-outline\"} -->\n<div class=\"wp-block-button is-style-outline\"><a class=\"wp-block-button__link wp-element-button\" href=\"\" target=\"_blank\" rel=\"noreferrer noopener\">CLIQUEZ ICI<\/a><\/div>\n<!-- \/wp:button --><\/div>\n<!-- \/wp:buttons -->\n\n<!-- wp:image {\"align\":\"center\",\"id\":15,\"sizeSlug\":\"full\",\"linkDestination\":\"none\",\"style\":{\"border\":{\"width\":\"0px\",\"style\":\"none\",\"radius\":\"14px\"}}} -->\n<figure class=\"wp-block-image aligncenter size-full has-custom-border\"><img src=\"https:\/\/charlotte-energetiquechinoise.com\/wp-content\/uploads\/2022\/12\/images-1.jpg\" alt=\"\" class=\"wp-image-15\" style=\"border-style:none;border-width:0px;border-radius:14px\"\/><\/figure>\n<!-- \/wp:image -->\n\n<!-- wp:columns {\"align\":\"full\",\"style\":{\"color\":{\"background\":\"#1e9e85\"}}} -->\n<div class=\"wp-block-columns alignfull has-background\" style=\"background-color:#1e9e85\"><!-- wp:column -->\n<div class=\"wp-block-column\"><!-- wp:paragraph {\"backgroundColor\":\"pale-pink\",\"textColor\":\"contrast\"} -->\n<p class=\"has-contrast-color has-pale-pink-background-color has-text-color has-background\">a molestie at elementum eu facilisis sed odio. Elementum sagittis vitae et leo duis ut diam. Commodo odio aenean sed adipiscing diam donec adipiscing tristique. Ut tellus<\/p>\n<!-- \/wp:paragraph --><\/div>\n<!-- \/wp:column -->\n\n<!-- wp:column -->\n<div class=\"wp-block-column\"><!-- wp:cover {\"url\":\"https:\/\/charlotte-energetiquechinoise.com\/wp-content\/uploads\/2022\/12\/cat-7319589__340.jpg\",\"id\":14,\"dimRatio\":0,\"focalPoint\":{\"x\":0.35,\"y\":0.39},\"minHeight\":287,\"minHeightUnit\":\"px\",\"contentPosition\":\"center center\",\"isDark\":false,\"style\":{\"color\":{}}} -->\n<div class=\"wp-block-cover is-light\" style=\"min-height:287px\"><span aria-hidden=\"true\" class=\"wp-block-cover__background has-background-dim-0 has-background-dim\"><\/span><img class=\"wp-block-cover__image-background wp-image-14\" alt=\"\" src=\"https:\/\/charlotte-energetiquechinoise.com\/wp-content\/uploads\/2022\/12\/cat-7319589__340.jpg\" style=\"object-position:35% 39%\" data-object-fit=\"cover\" data-object-position=\"35% 39%\"\/><div class=\"wp-block-cover__inner-container\"><!-- wp:paragraph {\"align\":\"right\",\"placeholder\":\"R\u00e9digez le titre\u2026\",\"style\":{\"spacing\":{\"padding\":{\"top\":\"0\",\"right\":\"0\",\"bottom\":\"0\",\"left\":\"0\"},\"margin\":{\"top\":\"0\",\"right\":\"0\",\"bottom\":\"0\",\"left\":\"0\"}}},\"fontSize\":\"large\"} -->\n<p class=\"has-text-align-right has-large-font-size\" style=\"margin-top:0;margin-right:0;margin-bottom:0;margin-left:0;padding-top:0;padding-right:0;padding-bottom:0;padding-left:0\">BIENVENUE<\/p>\n<!-- \/wp:paragraph --><\/div><\/div>\n<!-- \/wp:cover --><\/div>\n<!-- \/wp:column -->\n\n<!-- wp:column {\"style\":{\"color\":{\"background\":\"#9b72c299\"}},\"layout\":{\"type\":\"constrained\"}} -->\n<div class=\"wp-block-column has-background\" style=\"background-color:#9b72c299\"><!-- wp:heading -->\n<h2>QUI SOMMES NOUS?<\/h2>\n<!-- \/wp:heading -->\n\n<!-- wp:paragraph -->\n<p><\/p>\n<!-- \/wp:paragraph --><\/div>\n<!-- \/wp:column --><\/div>\n<!-- \/wp:columns -->\n\n<!-- wp:embed {\"providerNameSlug\":\"twitter\",\"responsive\":true} \/-->\n\n<!-- wp:paragraph -->\n<p><\/p>\n<!-- \/wp:paragraph -->","_et_gb_content_width":"","footnotes":""},"class_list":["post-10","page","type-page","status-publish","hentry"],"_links":{"self":[{"href":"https:\/\/charlotte-energetiquechinoise.com\/index.php\/wp-json\/wp\/v2\/pages\/10","targetHints":{"allow":["GET"]}}],"collection":[{"href":"https:\/\/charlotte-energetiquechinoise.com\/index.php\/wp-json\/wp\/v2\/pages"}],"about":[{"href":"https:\/\/charlotte-energetiquechinoise.com\/index.php\/wp-json\/wp\/v2\/types\/page"}],"author":[{"embeddable":true,"href":"https:\/\/charlotte-energetiquechinoise.com\/index.php\/wp-json\/wp\/v2\/users\/1"}],"replies":[{"embeddable":true,"href":"https:\/\/charlotte-energetiquechinoise.com\/index.php\/wp-json\/wp\/v2\/comments?post=10"}],"version-history":[{"count":44,"href":"https:\/\/charlotte-energetiquechinoise.com\/index.php\/wp-json\/wp\/v2\/pages\/10\/revisions"}],"predecessor-version":[{"id":827,"href":"https:\/\/charlotte-energetiquechinoise.com\/index.php\/wp-json\/wp\/v2\/pages\/10\/revisions\/827"}],"wp:attachment":[{"href":"https:\/\/charlotte-energetiquechinoise.com\/index.php\/wp-json\/wp\/v2\/media?parent=10"}],"curies":[{"name":"wp","href":"https:\/\/api.w.org\/{rel}","templated":true}]}}