{"id":150,"date":"2023-01-24T13:22:09","date_gmt":"2023-01-24T12:22:09","guid":{"rendered":"https:\/\/charlotte-energetiquechinoise.com\/?page_id=150"},"modified":"2025-02-07T11:33:40","modified_gmt":"2025-02-07T10:33:40","slug":"medecine-traditionnelle-chinoise-acupuncture","status":"publish","type":"page","link":"https:\/\/charlotte-energetiquechinoise.com\/index.php\/medecine-traditionnelle-chinoise-acupuncture\/","title":{"rendered":"Mon approche"},"content":{"rendered":"<p>[et_pb_section fb_built=\u00a0\u00bb1&Prime; _builder_version=\u00a0\u00bb4.18.1&Prime; _module_preset=\u00a0\u00bbdefault\u00a0\u00bb global_colors_info=\u00a0\u00bb{}\u00a0\u00bb][et_pb_row column_structure=\u00a0\u00bb1_2,1_2&Prime; _builder_version=\u00a0\u00bb4.19.5&Prime; _module_preset=\u00a0\u00bbdefault\u00a0\u00bb custom_padding=\u00a0\u00bb22px||||false|false\u00a0\u00bb global_colors_info=\u00a0\u00bb{}\u00a0\u00bb][et_pb_column type=\u00a0\u00bb1_2&Prime; _builder_version=\u00a0\u00bb4.18.1&Prime; _module_preset=\u00a0\u00bbdefault\u00a0\u00bb global_colors_info=\u00a0\u00bb{}\u00a0\u00bb][et_pb_image src=\u00a0\u00bbhttps:\/\/charlotte-energetiquechinoise.com\/wp-content\/uploads\/2023\/12\/IMG-20230914-WA0000.jpg\u00a0\u00bb title_text=\u00a0\u00bbIMG-20230914-WA0000&Prime; show_bottom_space=\u00a0\u00bboff\u00a0\u00bb force_fullwidth=\u00a0\u00bbon\u00a0\u00bb _builder_version=\u00a0\u00bb4.19.5&Prime; _module_preset=\u00a0\u00bbdefault\u00a0\u00bb min_height=\u00a0\u00bb100px\u00a0\u00bb height=\u00a0\u00bb320px\u00a0\u00bb max_height=\u00a0\u00bb1000px\u00a0\u00bb custom_margin=\u00a0\u00bb||12px||false|false\u00a0\u00bb custom_padding=\u00a0\u00bb||20px||false|false\u00a0\u00bb hover_enabled=\u00a0\u00bb0&Prime; border_radii=\u00a0\u00bboff|86px||86px|\u00a0\u00bb global_colors_info=\u00a0\u00bb{}\u00a0\u00bb width__hover_enabled=\u00a0\u00bbon|desktop\u00a0\u00bb max_width__hover_enabled=\u00a0\u00bbon|desktop\u00a0\u00bb width__hover=\u00a0\u00bb61%\u00a0\u00bb max_width__hover=\u00a0\u00bb67%\u00a0\u00bb sticky_enabled=\u00a0\u00bb0&Prime; module_alignment=\u00a0\u00bbcenter\u00a0\u00bb height_last_edited=\u00a0\u00bbon|phone\u00a0\u00bb height_phone=\u00a0\u00bb309px\u00a0\u00bb height_tablet=\u00a0\u00bb320px\u00a0\u00bb][\/et_pb_image][et_pb_text _builder_version=\u00a0\u00bb4.19.5&Prime; _module_preset=\u00a0\u00bbdefault\u00a0\u00bb text_font=\u00a0\u00bbAbhaya Libre||||||||\u00a0\u00bb text_text_color=\u00a0\u00bb#000000&Prime; text_font_size=\u00a0\u00bb18px\u00a0\u00bb header_font=\u00a0\u00bbAkaya Telivigala||||||||\u00a0\u00bb header_text_color=\u00a0\u00bb#000000&Prime; header_font_size=\u00a0\u00bb25px\u00a0\u00bb header_line_height=\u00a0\u00bb2.7em\u00a0\u00bb header_2_font=\u00a0\u00bbAbel||||||||\u00a0\u00bb header_2_text_align=\u00a0\u00bbcenter\u00a0\u00bb header_2_text_color=\u00a0\u00bb#000000&Prime; background_color=\u00a0\u00bb#FFFFFF\u00a0\u00bb text_orientation=\u00a0\u00bbjustified\u00a0\u00bb width=\u00a0\u00bb100%\u00a0\u00bb max_width=\u00a0\u00bb100%\u00a0\u00bb module_alignment=\u00a0\u00bbleft\u00a0\u00bb min_height=\u00a0\u00bb1113px\u00a0\u00bb height=\u00a0\u00bb1000px\u00a0\u00bb max_height=\u00a0\u00bb1000px\u00a0\u00bb custom_margin=\u00a0\u00bb-18px|||0px|false|false\u00a0\u00bb custom_padding=\u00a0\u00bb|5px||5px|false|false\u00a0\u00bb border_color_all=\u00a0\u00bb#FFFFFF\u00a0\u00bb inline_fonts=\u00a0\u00bbAbhaya Libre,Akaya Kanadaka,Alice\u00a0\u00bb global_colors_info=\u00a0\u00bb{}\u00a0\u00bb]<\/p>\n<h1 style=\"text-align: justify;\"><strong><span style=\"font-family: Alice;\">MON APPROCHE<\/span><\/strong><\/h1>\n<p><span style=\"font-family: Abhaya Libre;\">Agir en acupuncture, c\u2019est entretenir la Vie en veillant \u00e0 la fluidit\u00e9 des \u00e9changes entre Ciel <\/span><span style=\"font-family: Abhaya Libre;\">et Terre.<\/span><br \/><span style=\"font-family: Abhaya Libre;\">Les douleurs, les pathologies, les difficult\u00e9s \u00e9motionnelles etc.. manifestent d\u2019une <\/span><span style=\"font-family: Abhaya Libre;\">stagnation, d\u2019un blocage ou d\u2019un n\u0153ud\u00a0emp\u00eachant ces \u00e9changes.<\/span><br \/><span style=\"font-family: Abhaya Libre;\">La<\/span><strong style=\"font-family: 'Abhaya Libre'; font-weight: normal;\"> M<\/strong><span style=\"font-family: Abhaya Libre;\">\u00e9decine <\/span><strong style=\"font-family: 'Abhaya Libre'; font-weight: normal;\">T<\/strong><span style=\"font-family: Abhaya Libre;\">raditionnelle <\/span><strong style=\"font-family: 'Abhaya Libre'; font-weight: normal;\">C<\/strong><span style=\"font-family: Abhaya Libre;\">hinoise cherche alors \u00e0 d\u00e9terminer la cause profonde \u00e0 <\/span><span style=\"font-family: Abhaya Libre;\">l&rsquo;origine du d\u00e9s\u00e9quilibre et \u00e0 en comprendre l&rsquo;histoire (origine \u00e9motionnelle, climatique, <\/span><span style=\"font-family: Abhaya Libre;\">traumatique, syst\u00e9mique, symbolique) en tenant compte du terrain \u00e9nerg\u00e9tique de l\u2019\u00eatre <\/span><span style=\"font-family: Abhaya Libre;\">humain. <\/span><span style=\"font-family: Abhaya Libre;\">Le but n\u2019\u00e9tant pas seulement de faire taire le sympt\u00f4me mais de corriger le <\/span><span style=\"font-family: Abhaya Libre;\">d\u00e9s\u00e9quilibre sur le long terme.<\/span><br \/><span style=\"font-family: Abhaya Libre;\">Elle est indiqu\u00e9e aussi bien pour les maux physiques que psychiques ou \u00e9motionnels, en voici quelques exemples\u00a0<\/span><\/p>\n<ul>\n<li>Sciatique, douleurs lombaires et cervicales<\/li>\n<li>Pathologies tendino-musculaires<\/li>\n<li>Ecz\u00e9ma, zona, psoriasis<\/li>\n<li>Constipation, diarrh\u00e9e, maux d\u2019estomac, RGO\u2026<\/li>\n<li>Troubles du sommeil<\/li>\n<li>D\u00e9pression, angoisse, stress, phobie\u2026<\/li>\n<li>Pathologies du syst\u00e8me urinaire<\/li>\n<li>Pathologie du syst\u00e8me respiratoire<\/li>\n<li>Anorexie, boulimie<\/li>\n<li>Fatigue chronique, burn out<\/li>\n<li>Troubles hormonaux &#8230;.<\/li>\n<\/ul>\n<p><span style=\"font-family: 'Abhaya Libre'; font-weight: normal;\">Pour ce faire,\u00a0 j&rsquo;utilise plusieurs techniques :<\/span><\/p>\n<ul>\n<li><span style=\"font-family: 'Abhaya Libre'; font-weight: normal;\">Acupression \/ Acupuncture<\/span><\/li>\n<li><span style=\"font-family: 'Abhaya Libre'; font-weight: normal;\">Moxibustion<\/span><\/li>\n<li><span style=\"font-family: 'Abhaya Libre'; font-weight: normal;\">Ventouses<\/span><\/li>\n<\/ul>\n<h2><\/h2>\n<p>&nbsp;<\/p>\n<p>&nbsp;<\/p>\n<p>[\/et_pb_text][\/et_pb_column][et_pb_column type=\u00a0\u00bb1_2&Prime; _builder_version=\u00a0\u00bb4.18.1&Prime; _module_preset=\u00a0\u00bbdefault\u00a0\u00bb global_colors_info=\u00a0\u00bb{}\u00a0\u00bb][\/et_pb_column][\/et_pb_row][\/et_pb_section]<\/p>\n","protected":false},"excerpt":{"rendered":"<p>MON APPROCHE Agir en acupuncture, c\u2019est entretenir la Vie en veillant \u00e0 la fluidit\u00e9 des \u00e9changes entre Ciel et Terre.Les douleurs, les pathologies, les difficult\u00e9s \u00e9motionnelles etc.. manifestent d\u2019une stagnation, d\u2019un blocage ou d\u2019un n\u0153ud\u00a0emp\u00eachant ces \u00e9changes.La M\u00e9decine Traditionnelle Chinoise cherche alors \u00e0 d\u00e9terminer la cause profonde \u00e0 l&rsquo;origine du d\u00e9s\u00e9quilibre et \u00e0 en comprendre [&hellip;]<\/p>\n","protected":false},"author":1,"featured_media":0,"parent":0,"menu_order":0,"comment_status":"closed","ping_status":"closed","template":"","meta":{"_et_pb_use_builder":"on","_et_pb_old_content":"","_et_gb_content_width":"","footnotes":""},"class_list":["post-150","page","type-page","status-publish","hentry"],"_links":{"self":[{"href":"https:\/\/charlotte-energetiquechinoise.com\/index.php\/wp-json\/wp\/v2\/pages\/150","targetHints":{"allow":["GET"]}}],"collection":[{"href":"https:\/\/charlotte-energetiquechinoise.com\/index.php\/wp-json\/wp\/v2\/pages"}],"about":[{"href":"https:\/\/charlotte-energetiquechinoise.com\/index.php\/wp-json\/wp\/v2\/types\/page"}],"author":[{"embeddable":true,"href":"https:\/\/charlotte-energetiquechinoise.com\/index.php\/wp-json\/wp\/v2\/users\/1"}],"replies":[{"embeddable":true,"href":"https:\/\/charlotte-energetiquechinoise.com\/index.php\/wp-json\/wp\/v2\/comments?post=150"}],"version-history":[{"count":50,"href":"https:\/\/charlotte-energetiquechinoise.com\/index.php\/wp-json\/wp\/v2\/pages\/150\/revisions"}],"predecessor-version":[{"id":825,"href":"https:\/\/charlotte-energetiquechinoise.com\/index.php\/wp-json\/wp\/v2\/pages\/150\/revisions\/825"}],"wp:attachment":[{"href":"https:\/\/charlotte-energetiquechinoise.com\/index.php\/wp-json\/wp\/v2\/media?parent=150"}],"curies":[{"name":"wp","href":"https:\/\/api.w.org\/{rel}","templated":true}]}}