{"id":659,"date":"2023-02-03T16:14:02","date_gmt":"2023-02-03T15:14:02","guid":{"rendered":"https:\/\/charlotte-energetiquechinoise.com\/?page_id=659"},"modified":"2025-02-07T11:05:56","modified_gmt":"2025-02-07T10:05:56","slug":"a-propos","status":"publish","type":"page","link":"https:\/\/charlotte-energetiquechinoise.com\/index.php\/a-propos\/","title":{"rendered":"Mon parcours"},"content":{"rendered":"<p>[et_pb_section fb_built=\u00a0\u00bb1&Prime; _builder_version=\u00a0\u00bb4.19.5&Prime; _module_preset=\u00a0\u00bbdefault\u00a0\u00bb global_colors_info=\u00a0\u00bb{}\u00a0\u00bb][et_pb_row column_structure=\u00a0\u00bb1_2,1_2&Prime; _builder_version=\u00a0\u00bb4.19.5&Prime; _module_preset=\u00a0\u00bbdefault\u00a0\u00bb global_colors_info=\u00a0\u00bb{}\u00a0\u00bb][et_pb_column type=\u00a0\u00bb1_2&Prime; _builder_version=\u00a0\u00bb4.19.5&Prime; _module_preset=\u00a0\u00bbdefault\u00a0\u00bb global_colors_info=\u00a0\u00bb{}\u00a0\u00bb][et_pb_image src=\u00a0\u00bbhttps:\/\/charlotte-energetiquechinoise.com\/wp-content\/uploads\/2023\/01\/year-of-the-rabbit-002-1.jpeg\u00a0\u00bb title_text=\u00a0\u00bbyear-of-the-rabbit-002 (1)\u00a0\u00bb show_bottom_space=\u00a0\u00bboff\u00a0\u00bb _builder_version=\u00a0\u00bb4.19.5&Prime; _module_preset=\u00a0\u00bbdefault\u00a0\u00bb custom_margin=\u00a0\u00bb27px|28px|42px||false|false\u00a0\u00bb custom_padding=\u00a0\u00bb||0px|39px|false|false\u00a0\u00bb border_radii=\u00a0\u00bboff|111px||111px|\u00a0\u00bb global_colors_info=\u00a0\u00bb{}\u00a0\u00bb][\/et_pb_image][et_pb_text _builder_version=\u00a0\u00bb4.19.5&Prime; _module_preset=\u00a0\u00bbdefault\u00a0\u00bb text_font=\u00a0\u00bbAbhaya Libre||||||||\u00a0\u00bb text_text_color=\u00a0\u00bb#000000&Prime; text_font_size=\u00a0\u00bb18px\u00a0\u00bb header_font=\u00a0\u00bbAkaya Telivigala||||||||\u00a0\u00bb header_font_size=\u00a0\u00bb25px\u00a0\u00bb header_line_height=\u00a0\u00bb2.7em\u00a0\u00bb module_alignment=\u00a0\u00bbleft\u00a0\u00bb custom_margin=\u00a0\u00bb0px||||false|false\u00a0\u00bb custom_padding=\u00a0\u00bb0px|5px||5px|false|false\u00a0\u00bb inline_fonts=\u00a0\u00bbAlice\u00a0\u00bb global_colors_info=\u00a0\u00bb{}\u00a0\u00bb]<\/p>\n<h1 style=\"text-align: left;\"><strong style=\"font-size: 25px;\"><span style=\"font-family: Alice;\">MON PARCOURS<\/span><\/strong><\/h1>\n<p style=\"text-align: justify;\">La M\u00e9decine Traditionnelle Chinoise et la pens\u00e9e tao\u00efste ont, depuis tr\u00e8s longtemps, attir\u00e9es mon attention. Je m&rsquo;int\u00e9ressais \u00e0 certaines lectures de vulgarisation de cette m\u00e9decine vieille de plus de 3 si\u00e8cles, me procurais certains classiques tao\u00efstes. M\u00eame si toute cette vastitude me semblait complexe et loin de ma propre culture, il m&rsquo;apparaissait que ces connaissances r\u00e9pondaient \u00e0 certains de mes questionnements sur l&rsquo;\u00eatre humain, sa place au monde, son syst\u00e8me de sant\u00e9 etc&#8230; En effet, j&rsquo;ai toujours port\u00e9 un grand int\u00e9r\u00eat au corps humain, \u00e0 ses merveilleuses capacit\u00e9 d&rsquo;auto-r\u00e9gulation, de r\u00e9silience et de gu\u00e9rison.\u00a0 J&rsquo;ai toujours eu \u00e0 coeur de comprendre ses m\u00e9canismes pour intervenir ensuite aupr\u00e8s de mes proches.<\/p>\n<p style=\"text-align: justify;\">C\u2019est donc tout naturellement qu&rsquo;en 2008 je me suis tourn\u00e9e vers des \u00e9tudes d\u2019infirmi\u00e8re.<br \/>Apr\u00e8s plusieurs ann\u00e9es de pratique, je savais que mon parcours ne s\u2019arr\u00eaterait pas l\u00e0. Je d\u00e9sirais poursuivre ma connaissance de l\u2019\u00eatre humain et l&rsquo;aspect physiologique ne me suffisait plus.<\/p>\n<p style=\"text-align: justify;\">En 2019, j\u2019ai int\u00e9gr\u00e9 avec h\u00e2te <a href=\"https:\/\/centre-qiming.fr\/\">l\u2019\u00e9cole Qi Ming<\/a> \u00e0 Jaujac (07) et d\u00e9but\u00e9 ma formation d\u2019acupuncture traditionnelle chinoise.\u00a0 \u00a0 \u00a0 \u00a0 \u00a0 \u00a0 \u00a0 \u00a0 \u00a0 \u00a0 \u00a0 \u00a0 \u00a0 \u00a0 \u00a0 \u00a0 \u00a0 \u00a0 \u00a0 \u00a0 \u00a0 \u00a0 \u00a0 \u00a0 \u00a0 \u00a0 \u00a0 \u00a0 \u00a0 \u00a0 \u00a0 \u00a0 \u00a0 \u00a0 \u00a0 \u00a0 \u00a0 \u00a0 \u00a0 \u00a0 \u00a0 \u00a0 \u00a0 \u00a0 \u00a0 \u00a0 \u00a0 \u00a0 \u00a0 \u00a0 \u00a0 \u00a0 \u00a0 \u00a0 \u00a0 \u00a0 \u00a0 \u00a0 \u00a0 \u00a0 \u00a0 \u00a0 \u00a0 \u00a0 \u00a0 \u00a0 \u00a0 \u00a0 \u00a0 \u00a0 \u00a0 \u00a0 \u00a0 \u00a0 \u00a0 \u00a0 \u00a0 \u00a0 Tout prenait enfin sens : cette m\u00e9decine traditionnelle n\u2019isole pas l\u2019Humain! Elle le place entre Ciel et Terre avec un r\u00f4le d\u2019intercesseur des \u00e9nergies c\u00e9lestes et terrestres, en lien avec la dynamique des cycles de la nature. L\u2019\u00eatre humain est vu comme un microcosme \u00e0 l\u2019int\u00e9rieur d\u2019un macrocosme et inversement: il porte le macrocosme en lui.\u00a0 \u00a0 \u00a0 \u00a0 \u00a0 \u00a0 \u00a0 \u00a0 \u00a0 \u00a0 \u00a0 \u00a0 \u00a0 \u00a0 \u00a0 \u00a0 \u00a0 \u00a0 \u00a0 \u00a0 \u00a0 \u00a0 \u00a0 \u00a0 \u00a0 \u00a0 \u00a0 \u00a0 \u00a0 \u00a0 \u00a0 \u00a0 \u00a0 \u00a0 \u00a0 \u00a0 \u00a0 \u00a0 \u00a0 \u00a0 \u00a0 \u00a0 \u00a0 \u00a0 \u00a0 \u00a0 \u00a0 \u00a0 \u00a0 \u00a0 \u00a0 \u00a0 \u00a0 \u00a0 \u00a0 \u00a0 Ce sont donc toutes ces dimensions qui sont prises en compte en s\u00e9ance d&rsquo;acupuncture.<\/p>\n<p style=\"text-align: justify;\">La richesse du monde int\u00e9rieur de l&rsquo;\u00eatre humain m\u2019a tellement fascin\u00e9e qu\u2019elle est devenue mon sujet de m\u00e9moire de fin de formation. Dans ce travail de recherches, je m&rsquo;interroge sur la fa\u00e7on dont l&rsquo;acupuncture peut nous accompagner \u00e0 (r\u00e9)investir cette int\u00e9riorit\u00e9.\u00a0<\/p>\n<p style=\"text-align: justify;\">Etant dipl\u00f4m\u00e9e depuis f\u00e9vrier 2023, je poursuis ma formation de cet art ancestral avec, notamment,\u00a0 le Chi Nei Tsang (massage des organes du ventre) et le massage tuina.\u00a0<\/p>\n<p>[\/et_pb_text][\/et_pb_column][et_pb_column type=\u00a0\u00bb1_2&Prime; _builder_version=\u00a0\u00bb4.19.5&Prime; _module_preset=\u00a0\u00bbdefault\u00a0\u00bb global_colors_info=\u00a0\u00bb{}\u00a0\u00bb][\/et_pb_column][\/et_pb_row][et_pb_row column_structure=\u00a0\u00bb1_2,1_2&Prime; _builder_version=\u00a0\u00bb4.19.5&Prime; _module_preset=\u00a0\u00bbdefault\u00a0\u00bb global_colors_info=\u00a0\u00bb{}\u00a0\u00bb][et_pb_column type=\u00a0\u00bb1_2&Prime; _builder_version=\u00a0\u00bb4.19.5&Prime; _module_preset=\u00a0\u00bbdefault\u00a0\u00bb global_colors_info=\u00a0\u00bb{}\u00a0\u00bb][\/et_pb_column][et_pb_column type=\u00a0\u00bb1_2&Prime; _builder_version=\u00a0\u00bb4.19.5&Prime; _module_preset=\u00a0\u00bbdefault\u00a0\u00bb global_colors_info=\u00a0\u00bb{}\u00a0\u00bb][\/et_pb_column][\/et_pb_row][\/et_pb_section]<\/p>\n","protected":false},"excerpt":{"rendered":"<p>MON PARCOURS La M\u00e9decine Traditionnelle Chinoise et la pens\u00e9e tao\u00efste ont, depuis tr\u00e8s longtemps, attir\u00e9es mon attention. Je m&rsquo;int\u00e9ressais \u00e0 certaines lectures de vulgarisation de cette m\u00e9decine vieille de plus de 3 si\u00e8cles, me procurais certains classiques tao\u00efstes. M\u00eame si toute cette vastitude me semblait complexe et loin de ma propre culture, il m&rsquo;apparaissait que [&hellip;]<\/p>\n","protected":false},"author":1,"featured_media":0,"parent":0,"menu_order":0,"comment_status":"closed","ping_status":"closed","template":"","meta":{"_et_pb_use_builder":"on","_et_pb_old_content":"","_et_gb_content_width":"","footnotes":""},"class_list":["post-659","page","type-page","status-publish","hentry"],"_links":{"self":[{"href":"https:\/\/charlotte-energetiquechinoise.com\/index.php\/wp-json\/wp\/v2\/pages\/659","targetHints":{"allow":["GET"]}}],"collection":[{"href":"https:\/\/charlotte-energetiquechinoise.com\/index.php\/wp-json\/wp\/v2\/pages"}],"about":[{"href":"https:\/\/charlotte-energetiquechinoise.com\/index.php\/wp-json\/wp\/v2\/types\/page"}],"author":[{"embeddable":true,"href":"https:\/\/charlotte-energetiquechinoise.com\/index.php\/wp-json\/wp\/v2\/users\/1"}],"replies":[{"embeddable":true,"href":"https:\/\/charlotte-energetiquechinoise.com\/index.php\/wp-json\/wp\/v2\/comments?post=659"}],"version-history":[{"count":32,"href":"https:\/\/charlotte-energetiquechinoise.com\/index.php\/wp-json\/wp\/v2\/pages\/659\/revisions"}],"predecessor-version":[{"id":820,"href":"https:\/\/charlotte-energetiquechinoise.com\/index.php\/wp-json\/wp\/v2\/pages\/659\/revisions\/820"}],"wp:attachment":[{"href":"https:\/\/charlotte-energetiquechinoise.com\/index.php\/wp-json\/wp\/v2\/media?parent=659"}],"curies":[{"name":"wp","href":"https:\/\/api.w.org\/{rel}","templated":true}]}}